{"id":1854,"date":"2011-08-11T16:41:36","date_gmt":"2011-08-11T13:41:36","guid":{"rendered":"http:\/\/www.handisliiga.fi\/?page_id=1854"},"modified":"2024-08-28T18:33:23","modified_gmt":"2024-08-28T15:33:23","slug":"sm-liigan-kilpailusuunnitelma-kaudelle-2011-2012","status":"publish","type":"page","link":"https:\/\/aktialiiga.fi\/miehet\/sm-liigan-kilpailusuunnitelma-kaudelle-2011-2012\/","title":{"rendered":"SM-liigan kilpailusuunnitelma kaudelle 2011-2012"},"content":{"rendered":"<p><strong>Runkosarja<\/strong><br \/>\nSM-lisenssien my\u00f6nt\u00e4mism\u00e4\u00e4r\u00e4n mukaan korkeintaan kymmenen (10) joukkueen kolminkertainen sarja, jonka perusteella m\u00e4\u00e4r\u00e4ytyv\u00e4t pudotuspelien kotiedut (paremmin sijoittunut aloittaa kotona, ellei toisin ole mainittu) ja vastakkain pelaavat parit (kussakin vaiheessa parhaiten sijoittunut vs. huonoiten sijoittunut jne.).<\/p>\n<p><strong>Puoliv\u00e4lier\u00e4t, v\u00e4lier\u00e4t ja loppuottelut<\/strong><br \/>\nRunkosarjan sijoille 3-6 sijoittuneet joukkueet pelaavat puoliv\u00e4lier\u00e4t, joiden otteluparit ovat 3-6 ja 4-5, paras viidest\u00e4.<\/p>\n<p>Runkosarjan sijoille 1 ja 2 sijoittuneet joukkueet etenev\u00e4t suoraan v\u00e4lieriin, joissa ne kohtaavat puoliv\u00e4lier\u00e4parien voittajat, paras viidest\u00e4.<\/p>\n<p>V\u00e4lierien voittajat pelaavat loppuottelut, paras viidest\u00e4.<\/p>\n<p>V\u00e4lierien h\u00e4vi\u00e4j\u00e4t pelaavat pronssista kahden ottelun yhteistuloksena. Yhteistuloksen ollessa tasan, pelataan j\u00e4lkimm\u00e4inen ottelu ratkaisuun saakka. Runkosarjassa paremmin sijoittunut saa valita, kumman ottelun se pelaa kotikent\u00e4ll\u00e4.<\/p>\n<p><strong>Sijat 7-8<\/strong><br \/>\nRunkosarjan sijoille 7 ja 8 sijoittuneet joukkueet pelaavat sijoitusottelun loppusijoista 7 ja 8 paremmin sijoittuneen kotikent\u00e4ll\u00e4.<\/p>\n<p><strong>Tasonmittaus<\/strong><br \/>\nRunkosarjan sijalle 9 sijoittunut joukkue kohtaa M1D:n kolmanneksi sijoittuneen joukkueen ja M1D:n ensimm\u00e4iseksi sijoittunut joukkue M1D:n toiseksi sijoittuneen joukkueen, paras kolmesta. Ottelujen voittajat pelaavat kesken\u00e4\u00e4n sijoitusotteluissa sijoista 9 ja 10, paras kolmesta. Kotiedut m\u00e4\u00e4r\u00e4ytyv\u00e4t j\u00e4rjestyksess\u00e4 MSM\/9, M1D\/1, M1D\/2 ja M1D\/3.<\/p>\n<p>Tasonmittausotteluiden j\u00e4lkeen liittohallitus\/SM-lisenssikomitea p\u00e4\u00e4tt\u00e4\u00e4, mill\u00e4 joukkueilla on oikeus hakea SM-liigalisenssi\u00e4 kaudelle 2012-2013.<\/p>\n","protected":false},"excerpt":{"rendered":"<p>Runkosarja SM-lisenssien my\u00f6nt\u00e4mism\u00e4\u00e4r\u00e4n mukaan korkeintaan kymmenen (10) joukkueen kolminkertainen sarja, jonka perusteella m\u00e4\u00e4r\u00e4ytyv\u00e4t pudotuspelien kotiedut (paremmin sijoittunut aloittaa kotona, ellei toisin ole mainittu) ja vastakkain pelaavat parit (kussakin vaiheessa parhaiten sijoittunut vs. huonoiten sijoittunut jne.). Puoliv\u00e4lier\u00e4t, v\u00e4lier\u00e4t ja loppuottelut Runkosarjan sijoille 3-6 sijoittuneet joukkueet pelaavat puoliv\u00e4lier\u00e4t, joiden otteluparit ovat 3-6 ja 4-5, paras viidest\u00e4. Runkosarjan [&hellip;]<\/p>\n","protected":false},"author":13,"featured_media":0,"parent":0,"menu_order":0,"comment_status":"closed","ping_status":"closed","template":"","meta":{"_acf_changed":false,"jetpack_post_was_ever_published":false,"footnotes":""},"class_list":["post-1854","page","type-page","status-publish","hentry"],"acf":[],"yoast_head":"<!-- This site is optimized with the Yoast SEO plugin v27.5 - https:\/\/yoast.com\/product\/yoast-seo-wordpress\/ -->\n<title>SM-liigan kilpailusuunnitelma kaudelle 2011-2012 | K\u00e4sipallon miesten Aktialiiga<\/title>\n<meta name=\"robots\" content=\"index, follow, max-snippet:-1, max-image-preview:large, max-video-preview:-1\" \/>\n<link rel=\"canonical\" href=\"https:\/\/aktialiiga.fi\/miehet\/sm-liigan-kilpailusuunnitelma-kaudelle-2011-2012\/\" \/>\n<meta property=\"og:locale\" content=\"fi_FI\" \/>\n<meta property=\"og:type\" content=\"article\" \/>\n<meta property=\"og:title\" content=\"SM-liigan kilpailusuunnitelma kaudelle 2011-2012 | K\u00e4sipallon miesten Aktialiiga\" \/>\n<meta property=\"og:description\" content=\"Runkosarja SM-lisenssien my\u00f6nt\u00e4mism\u00e4\u00e4r\u00e4n mukaan korkeintaan kymmenen (10) joukkueen kolminkertainen sarja, jonka perusteella m\u00e4\u00e4r\u00e4ytyv\u00e4t pudotuspelien kotiedut (paremmin sijoittunut aloittaa kotona, ellei toisin ole mainittu) ja vastakkain pelaavat parit (kussakin vaiheessa parhaiten sijoittunut vs. huonoiten sijoittunut jne.). Puoliv\u00e4lier\u00e4t, v\u00e4lier\u00e4t ja loppuottelut Runkosarjan sijoille 3-6 sijoittuneet joukkueet pelaavat puoliv\u00e4lier\u00e4t, joiden otteluparit ovat 3-6 ja 4-5, paras viidest\u00e4. Runkosarjan [&hellip;]\" \/>\n<meta property=\"og:url\" content=\"https:\/\/aktialiiga.fi\/miehet\/sm-liigan-kilpailusuunnitelma-kaudelle-2011-2012\/\" \/>\n<meta property=\"og:site_name\" content=\"K\u00e4sipallon miesten Aktialiiga\" \/>\n<meta property=\"article:publisher\" content=\"https:\/\/www.facebook.com\/finnhandball\" \/>\n<meta property=\"article:modified_time\" content=\"2024-08-28T15:33:23+00:00\" \/>\n<meta name=\"twitter:card\" content=\"summary_large_image\" \/>\n<meta name=\"twitter:site\" content=\"@finnhandball\" \/>\n<script type=\"application\/ld+json\" class=\"yoast-schema-graph\">{\"@context\":\"https:\\\/\\\/schema.org\",\"@graph\":[{\"@type\":\"WebPage\",\"@id\":\"https:\\\/\\\/aktialiiga.fi\\\/miehet\\\/sm-liigan-kilpailusuunnitelma-kaudelle-2011-2012\\\/\",\"url\":\"https:\\\/\\\/aktialiiga.fi\\\/miehet\\\/sm-liigan-kilpailusuunnitelma-kaudelle-2011-2012\\\/\",\"name\":\"SM-liigan kilpailusuunnitelma kaudelle 2011-2012 | K\u00e4sipallon miesten Aktialiiga\",\"isPartOf\":{\"@id\":\"https:\\\/\\\/aktialiiga.fi\\\/miehet\\\/#website\"},\"datePublished\":\"2011-08-11T13:41:36+00:00\",\"dateModified\":\"2024-08-28T15:33:23+00:00\",\"breadcrumb\":{\"@id\":\"https:\\\/\\\/aktialiiga.fi\\\/miehet\\\/sm-liigan-kilpailusuunnitelma-kaudelle-2011-2012\\\/#breadcrumb\"},\"inLanguage\":\"fi\",\"potentialAction\":[{\"@type\":\"ReadAction\",\"target\":[\"https:\\\/\\\/aktialiiga.fi\\\/miehet\\\/sm-liigan-kilpailusuunnitelma-kaudelle-2011-2012\\\/\"]}]},{\"@type\":\"BreadcrumbList\",\"@id\":\"https:\\\/\\\/aktialiiga.fi\\\/miehet\\\/sm-liigan-kilpailusuunnitelma-kaudelle-2011-2012\\\/#breadcrumb\",\"itemListElement\":[{\"@type\":\"ListItem\",\"position\":1,\"name\":\"Etusivu\",\"item\":\"https:\\\/\\\/aktialiiga.fi\\\/miehet\\\/\"},{\"@type\":\"ListItem\",\"position\":2,\"name\":\"SM-liigan kilpailusuunnitelma kaudelle 2011-2012\"}]},{\"@type\":\"WebSite\",\"@id\":\"https:\\\/\\\/aktialiiga.fi\\\/miehet\\\/#website\",\"url\":\"https:\\\/\\\/aktialiiga.fi\\\/miehet\\\/\",\"name\":\"K\u00e4sipallon miesten Aktialiiga\",\"description\":\"Valtakunnan vauhdikkainta palloilua!\",\"publisher\":{\"@id\":\"https:\\\/\\\/aktialiiga.fi\\\/miehet\\\/#organization\"},\"potentialAction\":[{\"@type\":\"SearchAction\",\"target\":{\"@type\":\"EntryPoint\",\"urlTemplate\":\"https:\\\/\\\/aktialiiga.fi\\\/miehet\\\/?s={search_term_string}\"},\"query-input\":{\"@type\":\"PropertyValueSpecification\",\"valueRequired\":true,\"valueName\":\"search_term_string\"}}],\"inLanguage\":\"fi\"},{\"@type\":\"Organization\",\"@id\":\"https:\\\/\\\/aktialiiga.fi\\\/miehet\\\/#organization\",\"name\":\"K\u00e4sipallon miesten Aktialiiga\",\"url\":\"https:\\\/\\\/aktialiiga.fi\\\/miehet\\\/\",\"logo\":{\"@type\":\"ImageObject\",\"inLanguage\":\"fi\",\"@id\":\"https:\\\/\\\/aktialiiga.fi\\\/miehet\\\/#\\\/schema\\\/logo\\\/image\\\/\",\"url\":\"https:\\\/\\\/i0.wp.com\\\/aktialiiga.fi\\\/miehet\\\/wp-content\\\/uploads\\\/sites\\\/5\\\/2024\\\/09\\\/Aktialiiga-Yoast-512.png?fit=512%2C512&ssl=1\",\"contentUrl\":\"https:\\\/\\\/i0.wp.com\\\/aktialiiga.fi\\\/miehet\\\/wp-content\\\/uploads\\\/sites\\\/5\\\/2024\\\/09\\\/Aktialiiga-Yoast-512.png?fit=512%2C512&ssl=1\",\"width\":512,\"height\":512,\"caption\":\"K\u00e4sipallon miesten Aktialiiga\"},\"image\":{\"@id\":\"https:\\\/\\\/aktialiiga.fi\\\/miehet\\\/#\\\/schema\\\/logo\\\/image\\\/\"},\"sameAs\":[\"https:\\\/\\\/www.facebook.com\\\/finnhandball\",\"https:\\\/\\\/x.com\\\/finnhandball\",\"https:\\\/\\\/www.instagram.com\\\/handballfinland\\\/\"]}]}<\/script>\n<!-- \/ Yoast SEO plugin. -->","yoast_head_json":{"title":"SM-liigan kilpailusuunnitelma kaudelle 2011-2012 | K\u00e4sipallon miesten Aktialiiga","robots":{"index":"index","follow":"follow","max-snippet":"max-snippet:-1","max-image-preview":"max-image-preview:large","max-video-preview":"max-video-preview:-1"},"canonical":"https:\/\/aktialiiga.fi\/miehet\/sm-liigan-kilpailusuunnitelma-kaudelle-2011-2012\/","og_locale":"fi_FI","og_type":"article","og_title":"SM-liigan kilpailusuunnitelma kaudelle 2011-2012 | K\u00e4sipallon miesten Aktialiiga","og_description":"Runkosarja SM-lisenssien my\u00f6nt\u00e4mism\u00e4\u00e4r\u00e4n mukaan korkeintaan kymmenen (10) joukkueen kolminkertainen sarja, jonka perusteella m\u00e4\u00e4r\u00e4ytyv\u00e4t pudotuspelien kotiedut (paremmin sijoittunut aloittaa kotona, ellei toisin ole mainittu) ja vastakkain pelaavat parit (kussakin vaiheessa parhaiten sijoittunut vs. huonoiten sijoittunut jne.). Puoliv\u00e4lier\u00e4t, v\u00e4lier\u00e4t ja loppuottelut Runkosarjan sijoille 3-6 sijoittuneet joukkueet pelaavat puoliv\u00e4lier\u00e4t, joiden otteluparit ovat 3-6 ja 4-5, paras viidest\u00e4. Runkosarjan [&hellip;]","og_url":"https:\/\/aktialiiga.fi\/miehet\/sm-liigan-kilpailusuunnitelma-kaudelle-2011-2012\/","og_site_name":"K\u00e4sipallon miesten Aktialiiga","article_publisher":"https:\/\/www.facebook.com\/finnhandball","article_modified_time":"2024-08-28T15:33:23+00:00","twitter_card":"summary_large_image","twitter_site":"@finnhandball","schema":{"@context":"https:\/\/schema.org","@graph":[{"@type":"WebPage","@id":"https:\/\/aktialiiga.fi\/miehet\/sm-liigan-kilpailusuunnitelma-kaudelle-2011-2012\/","url":"https:\/\/aktialiiga.fi\/miehet\/sm-liigan-kilpailusuunnitelma-kaudelle-2011-2012\/","name":"SM-liigan kilpailusuunnitelma kaudelle 2011-2012 | K\u00e4sipallon miesten Aktialiiga","isPartOf":{"@id":"https:\/\/aktialiiga.fi\/miehet\/#website"},"datePublished":"2011-08-11T13:41:36+00:00","dateModified":"2024-08-28T15:33:23+00:00","breadcrumb":{"@id":"https:\/\/aktialiiga.fi\/miehet\/sm-liigan-kilpailusuunnitelma-kaudelle-2011-2012\/#breadcrumb"},"inLanguage":"fi","potentialAction":[{"@type":"ReadAction","target":["https:\/\/aktialiiga.fi\/miehet\/sm-liigan-kilpailusuunnitelma-kaudelle-2011-2012\/"]}]},{"@type":"BreadcrumbList","@id":"https:\/\/aktialiiga.fi\/miehet\/sm-liigan-kilpailusuunnitelma-kaudelle-2011-2012\/#breadcrumb","itemListElement":[{"@type":"ListItem","position":1,"name":"Etusivu","item":"https:\/\/aktialiiga.fi\/miehet\/"},{"@type":"ListItem","position":2,"name":"SM-liigan kilpailusuunnitelma kaudelle 2011-2012"}]},{"@type":"WebSite","@id":"https:\/\/aktialiiga.fi\/miehet\/#website","url":"https:\/\/aktialiiga.fi\/miehet\/","name":"K\u00e4sipallon miesten Aktialiiga","description":"Valtakunnan vauhdikkainta palloilua!","publisher":{"@id":"https:\/\/aktialiiga.fi\/miehet\/#organization"},"potentialAction":[{"@type":"SearchAction","target":{"@type":"EntryPoint","urlTemplate":"https:\/\/aktialiiga.fi\/miehet\/?s={search_term_string}"},"query-input":{"@type":"PropertyValueSpecification","valueRequired":true,"valueName":"search_term_string"}}],"inLanguage":"fi"},{"@type":"Organization","@id":"https:\/\/aktialiiga.fi\/miehet\/#organization","name":"K\u00e4sipallon miesten Aktialiiga","url":"https:\/\/aktialiiga.fi\/miehet\/","logo":{"@type":"ImageObject","inLanguage":"fi","@id":"https:\/\/aktialiiga.fi\/miehet\/#\/schema\/logo\/image\/","url":"https:\/\/i0.wp.com\/aktialiiga.fi\/miehet\/wp-content\/uploads\/sites\/5\/2024\/09\/Aktialiiga-Yoast-512.png?fit=512%2C512&ssl=1","contentUrl":"https:\/\/i0.wp.com\/aktialiiga.fi\/miehet\/wp-content\/uploads\/sites\/5\/2024\/09\/Aktialiiga-Yoast-512.png?fit=512%2C512&ssl=1","width":512,"height":512,"caption":"K\u00e4sipallon miesten Aktialiiga"},"image":{"@id":"https:\/\/aktialiiga.fi\/miehet\/#\/schema\/logo\/image\/"},"sameAs":["https:\/\/www.facebook.com\/finnhandball","https:\/\/x.com\/finnhandball","https:\/\/www.instagram.com\/handballfinland\/"]}]}},"jetpack_sharing_enabled":true,"jetpack_shortlink":"https:\/\/wp.me\/PfTxOr-tU","_links":{"self":[{"href":"https:\/\/aktialiiga.fi\/miehet\/wp-json\/wp\/v2\/pages\/1854","targetHints":{"allow":["GET"]}}],"collection":[{"href":"https:\/\/aktialiiga.fi\/miehet\/wp-json\/wp\/v2\/pages"}],"about":[{"href":"https:\/\/aktialiiga.fi\/miehet\/wp-json\/wp\/v2\/types\/page"}],"author":[{"embeddable":true,"href":"https:\/\/aktialiiga.fi\/miehet\/wp-json\/wp\/v2\/users\/13"}],"replies":[{"embeddable":true,"href":"https:\/\/aktialiiga.fi\/miehet\/wp-json\/wp\/v2\/comments?post=1854"}],"version-history":[{"count":1,"href":"https:\/\/aktialiiga.fi\/miehet\/wp-json\/wp\/v2\/pages\/1854\/revisions"}],"predecessor-version":[{"id":60356,"href":"https:\/\/aktialiiga.fi\/miehet\/wp-json\/wp\/v2\/pages\/1854\/revisions\/60356"}],"wp:attachment":[{"href":"https:\/\/aktialiiga.fi\/miehet\/wp-json\/wp\/v2\/media?parent=1854"}],"curies":[{"name":"wp","href":"https:\/\/api.w.org\/{rel}","templated":true}]}}