{"id":37808,"date":"2024-08-15T18:23:18","date_gmt":"2024-08-15T15:23:18","guid":{"rendered":"https:\/\/aktialiiga.fi\/naiset\/?page_id=37808"},"modified":"2024-08-28T18:32:10","modified_gmt":"2024-08-28T15:32:10","slug":"kasipallon-naisten-sm-sarja-2019-20","status":"publish","type":"page","link":"https:\/\/aktialiiga.fi\/naiset\/kasipallon-naisten-sm-sarja-2019-20\/","title":{"rendered":"K\u00e4sipallon naisten SM-sarja 2019-20"},"content":{"rendered":"\n<style type=\"text\/css\" data-created_by=\"avia_inline_auto\" id=\"style-css-av-2nftuiik-780de1b8607a6083eff5bd560b7dde35\">\n.avia-section.av-2nftuiik-780de1b8607a6083eff5bd560b7dde35{\nbackground-color:#000000;\nbackground-image:unset;\n}\n.avia-section.av-2nftuiik-780de1b8607a6083eff5bd560b7dde35 .av-section-color-overlay{\nopacity:0.3;\nbackground-color:#000000;\n}\n<\/style>\n<div id='av_section_1'  class='avia-section av-2nftuiik-780de1b8607a6083eff5bd560b7dde35 main_color avia-section-large avia-no-shadow  avia-builder-el-0  el_before_av_layout_row  avia-builder-el-first  avia-bg-style-scroll av-section-color-overlay-active av-minimum-height av-minimum-height-50 av-height-50  container_wrap sidebar_right'   data-av_minimum_height_pc='50' data-av_min_height_opt='50'><div class=\"av-section-color-overlay-wrap\"><div class=\"av-section-color-overlay\"><\/div><a href='#next-section' title='' class='scroll-down-link  avia-svg-icon avia-font-svg_entypo-fontello' data-av_svg_icon='down-open-mini' data-av_iconset='svg_entypo-fontello'><svg version=\"1.1\" xmlns=\"http:\/\/www.w3.org\/2000\/svg\" width=\"15\" height=\"32\" viewBox=\"0 0 15 32\" preserveAspectRatio=\"xMidYMid meet\" aria-labelledby='av-svg-title-1' aria-describedby='av-svg-desc-1' role=\"graphics-symbol\" aria-hidden=\"true\">\n<title id='av-svg-title-1'>Scroll to next section<\/title>\n<desc id='av-svg-desc-1'>Scroll to next section<\/desc>\n<path d=\"M12.96 12.16q0.704-0.832 1.536 0 0.832 0.704 0 1.536l-6.272 6.144q-0.704 0.704-1.536 0l-6.272-6.144q-0.832-0.832 0-1.536 0.768-0.768 1.6 0l5.44 4.992z\"><\/path>\n<\/svg><\/a><div class='container av-section-cont-open' ><main  role=\"main\" itemprop=\"mainContentOfPage\"  class='template-page content  av-content-small alpha units'><div class='post-entry post-entry-type-page post-entry-37808'><div class='entry-content-wrapper clearfix'>\n\n<style type=\"text\/css\" data-created_by=\"avia_inline_auto\" id=\"style-css-av-lwnpjzp7-500a58b9991925ae9a56842ae9abcc60\">\n#top .av-special-heading.av-lwnpjzp7-500a58b9991925ae9a56842ae9abcc60{\npadding-bottom:10px;\ncolor:#ffffff;\nfont-size:60px;\n}\nbody .av-special-heading.av-lwnpjzp7-500a58b9991925ae9a56842ae9abcc60 .av-special-heading-tag .heading-char{\nfont-size:25px;\n}\n#top #wrap_all .av-special-heading.av-lwnpjzp7-500a58b9991925ae9a56842ae9abcc60 .av-special-heading-tag{\nfont-size:60px;\n}\n.av-special-heading.av-lwnpjzp7-500a58b9991925ae9a56842ae9abcc60 .special-heading-inner-border{\nborder-color:#ffffff;\n}\n.av-special-heading.av-lwnpjzp7-500a58b9991925ae9a56842ae9abcc60 .av-subheading{\nfont-size:29px;\n}\n\n@media only screen and (max-width: 479px){ \n#top #wrap_all .av-special-heading.av-lwnpjzp7-500a58b9991925ae9a56842ae9abcc60 .av-special-heading-tag{\nfont-size:35px;\n}\n}\n\n@media only screen and (min-width: 480px) and (max-width: 767px){ \n#top #wrap_all .av-special-heading.av-lwnpjzp7-500a58b9991925ae9a56842ae9abcc60 .av-special-heading-tag{\nfont-size:0.8em;\n}\n}\n<\/style>\n<div  class='av-special-heading av-lwnpjzp7-500a58b9991925ae9a56842ae9abcc60 av-special-heading-h2 custom-color-heading blockquote modern-quote modern-centered  avia-builder-el-1  avia-builder-el-no-sibling  av-inherit-size'><h2 class='av-special-heading-tag '  itemprop=\"headline\"  >Kausi 2019\/20 keskeytyi koronapandemian takia. Mestaruutta ei jaettu<\/h2><div class=\"special-heading-border\"><div class=\"special-heading-inner-border\"><\/div><\/div><\/div>\n\n<\/div><\/div><\/main><!-- close content main element --><\/div><\/div><\/div><div id='av-layout-grid-1'  class='av-layout-grid-container av-lz031vv9-19d33f1cb6037d8aecf1b7f629b0dbe2 entry-content-wrapper footer_color av-flex-cells  avia-builder-el-2  el_after_av_section  avia-builder-el-last  grid-row-not-first  container_wrap sidebar_right'  >\n\n<style type=\"text\/css\" data-created_by=\"avia_inline_auto\" id=\"style-css-av-lz032sg6-d99daeddaf61fba797395b57d5868ab8\">\n.flex_cell.av-lz032sg6-d99daeddaf61fba797395b57d5868ab8{\nvertical-align:top;\n}\n<\/style>\n<div class='flex_cell av-lz032sg6-d99daeddaf61fba797395b57d5868ab8 av-gridrow-cell av_three_fifth no_margin  avia-builder-el-3  el_before_av_cell_two_fifth  avia-builder-el-first  content-align-top'  ><div class='flex_cell_inner'><div  class='flex_column av-48vyye1-3ef6a045277b2ec5bbce28899bf19ff7 av_one_full  avia-builder-el-4  avia-builder-el-no-sibling  first flex_column_div  '     ><p>\n<style type=\"text\/css\" data-created_by=\"avia_inline_auto\" id=\"style-css-av-3zopdeh-1deca1fd2f4191a900489cbdb7346539\">\n#top .av-special-heading.av-3zopdeh-1deca1fd2f4191a900489cbdb7346539{\npadding-bottom:10px;\nfont-size:36px;\n}\nbody .av-special-heading.av-3zopdeh-1deca1fd2f4191a900489cbdb7346539 .av-special-heading-tag .heading-char{\nfont-size:25px;\n}\n#top #wrap_all .av-special-heading.av-3zopdeh-1deca1fd2f4191a900489cbdb7346539 .av-special-heading-tag{\nfont-size:36px;\n}\n.av-special-heading.av-3zopdeh-1deca1fd2f4191a900489cbdb7346539 .av-subheading{\nfont-size:29px;\n}\n\n@media only screen and (max-width: 479px){ \n#top #wrap_all .av-special-heading.av-3zopdeh-1deca1fd2f4191a900489cbdb7346539 .av-special-heading-tag{\nfont-size:35px;\n}\n}\n\n@media only screen and (min-width: 480px) and (max-width: 767px){ \n#top #wrap_all .av-special-heading.av-3zopdeh-1deca1fd2f4191a900489cbdb7346539 .av-special-heading-tag{\nfont-size:0.8em;\n}\n}\n<\/style>\n<div  class='av-special-heading av-3zopdeh-1deca1fd2f4191a900489cbdb7346539 av-special-heading-h2 blockquote modern-quote modern-centered  avia-builder-el-5  el_before_av_buttonrow  avia-builder-el-first  av-inherit-size'><h2 class='av-special-heading-tag '  itemprop=\"headline\"  >SM-sarja 2019\/20<\/h2><div class=\"special-heading-border\"><div class=\"special-heading-inner-border\"><\/div><\/div><\/div><br \/>\n<div  class='avia-buttonrow-wrap av-lzvfjfxs-452072b6c2bfadad06cf240e85fb24f7 avia-buttonrow-center  avia-builder-el-6  el_after_av_heading  avia-builder-el-last '>\n\n<style type=\"text\/css\" data-created_by=\"avia_inline_auto\" id=\"style-css-av-lzvfinoy-5d8b664be4f72a2570f57afc1e9e2ab6\">\n#top #wrap_all .avia-button.av-lzvfinoy-5d8b664be4f72a2570f57afc1e9e2ab6{\nmargin-bottom:5px;\nmargin-right:3px;\nmargin-left:3px;\n}\n<\/style>\n<a href='https:\/\/aktialiiga.fi\/naiset\/joukkueet-2019-20\/'  class='avia-button av-lzvfinoy-5d8b664be4f72a2570f57afc1e9e2ab6 avia-icon_select-no avia-size-large avia-color-light'   aria-label=\"Joukkueet\"><span class='avia_iconbox_title' >Joukkueet<\/span><\/a>\n\n<style type=\"text\/css\" data-created_by=\"avia_inline_auto\" id=\"style-css-av-lzvfiw8d-97e3f521d573190909c92e9774f6a271\">\n#top #wrap_all .avia-button.av-lzvfiw8d-97e3f521d573190909c92e9774f6a271{\nmargin-bottom:5px;\nmargin-right:3px;\nmargin-left:3px;\n}\n<\/style>\n<a href='https:\/\/aktialiiga.fi\/naiset\/2019-2020\/ottelut-2019-2020\/otteluohjelma\/'  class='avia-button av-lzvfiw8d-97e3f521d573190909c92e9774f6a271 avia-icon_select-no avia-size-large avia-color-light'   aria-label=\"Ottelutulokset\"><span class='avia_iconbox_title' >Ottelutulokset<\/span><\/a>\n\n<style type=\"text\/css\" data-created_by=\"avia_inline_auto\" id=\"style-css-av-lzvfj5nb-2838f48a8760d9e314d4ef5756d41f9a\">\n#top #wrap_all .avia-button.av-lzvfj5nb-2838f48a8760d9e314d4ef5756d41f9a{\nmargin-bottom:5px;\nmargin-right:3px;\nmargin-left:3px;\n}\n<\/style>\n<a href='https:\/\/aktialiiga.fi\/naiset\/2019-2020\/ottelut-2019-2020\/'  class='avia-button av-lzvfj5nb-2838f48a8760d9e314d4ef5756d41f9a avia-icon_select-no avia-size-large avia-color-light'   aria-label=\"Pelatut ottelut\"><span class='avia_iconbox_title' >Pelatut ottelut<\/span><\/a>\n\n<style type=\"text\/css\" data-created_by=\"avia_inline_auto\" id=\"style-css-av-lzvfjeg2-1b6a243141b9e0cbb82d581f273f1aaf\">\n#top #wrap_all .avia-button.av-lzvfjeg2-1b6a243141b9e0cbb82d581f273f1aaf{\nmargin-bottom:5px;\nmargin-right:3px;\nmargin-left:3px;\n}\n<\/style>\n<a href='https:\/\/aktialiiga.fi\/naiset\/2019-2020\/tilastot-2019-2020\/'  class='avia-button av-lzvfjeg2-1b6a243141b9e0cbb82d581f273f1aaf avia-icon_select-no avia-size-large avia-color-light'   aria-label=\"Tilastot\"><span class='avia_iconbox_title' >Tilastot<\/span><\/a>\n<\/div><\/p><\/div>\n<\/div><\/div><div class='flex_cell av-iwq4gp-64d94dd86416c7e4b8ba2e0da750841e av-gridrow-cell av_two_fifth no_margin  avia-builder-el-7  el_after_av_cell_three_fifth  avia-builder-el-last '  ><div class='flex_cell_inner'><div  class='flex_column av-3mpr3nd-ae9e18bcc15da69b34bf0b1e8f65b489 av_one_full  avia-builder-el-8  avia-builder-el-no-sibling  first flex_column_div  '     ><p>\n<style type=\"text\/css\" data-created_by=\"avia_inline_auto\" id=\"style-css-av-lyiimcc7-98fe3008424d62b5cb207b7dc495f4e1\">\n#top .av-special-heading.av-lyiimcc7-98fe3008424d62b5cb207b7dc495f4e1{\npadding-bottom:10px;\nfont-size:36px;\n}\nbody .av-special-heading.av-lyiimcc7-98fe3008424d62b5cb207b7dc495f4e1 .av-special-heading-tag .heading-char{\nfont-size:25px;\n}\n#top #wrap_all .av-special-heading.av-lyiimcc7-98fe3008424d62b5cb207b7dc495f4e1 .av-special-heading-tag{\nfont-size:36px;\n}\n.av-special-heading.av-lyiimcc7-98fe3008424d62b5cb207b7dc495f4e1 .av-subheading{\nfont-size:29px;\n}\n\n@media only screen and (max-width: 479px){ \n#top #wrap_all .av-special-heading.av-lyiimcc7-98fe3008424d62b5cb207b7dc495f4e1 .av-special-heading-tag{\nfont-size:35px;\n}\n}\n\n@media only screen and (min-width: 480px) and (max-width: 767px){ \n#top #wrap_all .av-special-heading.av-lyiimcc7-98fe3008424d62b5cb207b7dc495f4e1 .av-special-heading-tag{\nfont-size:0.8em;\n}\n}\n<\/style>\n<div  class='av-special-heading av-lyiimcc7-98fe3008424d62b5cb207b7dc495f4e1 av-special-heading-h2 blockquote modern-quote modern-centered  avia-builder-el-9  el_before_av_buttonrow  avia-builder-el-first  av-inherit-size'><h2 class='av-special-heading-tag '  itemprop=\"headline\"  >Muut kilpailut<\/h2><div class=\"special-heading-border\"><div class=\"special-heading-inner-border\"><\/div><\/div><\/div><br \/>\n<div  class='avia-buttonrow-wrap av-lzvfqr34-acddae134aa409538d503af8a1ccaf0f avia-buttonrow-center  avia-builder-el-10  el_after_av_heading  avia-builder-el-last '>\n\n<style type=\"text\/css\" data-created_by=\"avia_inline_auto\" id=\"style-css-av-av_buttonrow_item-c96770620ec21b67eb6cee729800dd39\">\n#top #wrap_all .avia-button.av-av_buttonrow_item-c96770620ec21b67eb6cee729800dd39{\nmargin-bottom:5px;\nmargin-right:3px;\nmargin-left:3px;\n}\n<\/style>\n<a href='https:\/\/aktialiiga.fi\/naiset\/2019-2020\/ottelut-2019-2020\/suomen-cup-2019-20\/'  class='avia-button av-av_buttonrow_item-c96770620ec21b67eb6cee729800dd39 avia-icon_select-no avia-size-large avia-color-light'   aria-label=\"Suomen Cup\"><span class='avia_iconbox_title' >Suomen Cup<\/span><\/a>\n\n<style type=\"text\/css\" data-created_by=\"avia_inline_auto\" id=\"style-css-av-lzvfqq0w-ce4aeeb59e07da57283c66d6566b9c34\">\n#top #wrap_all .avia-button.av-lzvfqq0w-ce4aeeb59e07da57283c66d6566b9c34{\nmargin-bottom:5px;\nmargin-right:3px;\nmargin-left:3px;\n}\n<\/style>\n<a href='https:\/\/aktialiiga.fi\/naiset\/2019-2020\/ottelut-2019-2020\/ehf-cup-2019-2020\/'  class='avia-button av-lzvfqq0w-ce4aeeb59e07da57283c66d6566b9c34 avia-icon_select-no avia-size-large avia-color-light'   aria-label=\"EHF Cup\"><span class='avia_iconbox_title' >EHF Cup<\/span><\/a>\n<\/div><\/p><\/div>\n<\/div><\/div><\/div>\n","protected":false},"excerpt":{"rendered":"","protected":false},"author":13,"featured_media":681,"parent":0,"menu_order":0,"comment_status":"closed","ping_status":"closed","template":"","meta":{"_acf_changed":false,"jetpack_post_was_ever_published":true,"footnotes":""},"class_list":["post-37808","page","type-page","status-publish","has-post-thumbnail","hentry"],"acf":[],"yoast_head":"<!-- This site is optimized with the Yoast SEO plugin v27.3 - https:\/\/yoast.com\/product\/yoast-seo-wordpress\/ -->\n<title>K\u00e4sipallon naisten SM-sarja 2019-20 | K\u00e4sipallon naisten Aktialiiga<\/title>\n<meta name=\"description\" content=\"K\u00e4sipallon naisten SM-sarjan sivusto\" \/>\n<meta name=\"robots\" content=\"index, follow, max-snippet:-1, max-image-preview:large, max-video-preview:-1\" \/>\n<link rel=\"canonical\" href=\"https:\/\/aktialiiga.fi\/naiset\/kasipallon-naisten-sm-sarja-2019-20\/\" \/>\n<meta property=\"og:locale\" content=\"fi_FI\" \/>\n<meta property=\"og:type\" content=\"article\" \/>\n<meta property=\"og:title\" content=\"K\u00e4sipallon naisten SM-sarja 2019-20 | K\u00e4sipallon naisten Aktialiiga\" \/>\n<meta property=\"og:description\" content=\"K\u00e4sipallon naisten SM-sarjan sivusto\" \/>\n<meta property=\"og:url\" content=\"https:\/\/aktialiiga.fi\/naiset\/kasipallon-naisten-sm-sarja-2019-20\/\" \/>\n<meta property=\"og:site_name\" content=\"K\u00e4sipallon naisten Aktialiiga\" \/>\n<meta property=\"article:publisher\" content=\"https:\/\/www.facebook.com\/finnhandball\" \/>\n<meta property=\"article:modified_time\" content=\"2024-08-28T15:32:10+00:00\" \/>\n<meta property=\"og:image\" content=\"https:\/\/aktialiiga.fi\/naiset\/wp-content\/uploads\/sites\/6\/2016\/08\/KP55233.jpg\" \/>\n<meta name=\"twitter:card\" content=\"summary_large_image\" \/>\n<meta name=\"twitter:site\" content=\"@finnhandball\" \/>\n<script type=\"application\/ld+json\" class=\"yoast-schema-graph\">{\"@context\":\"https:\\\/\\\/schema.org\",\"@graph\":[{\"@type\":\"WebPage\",\"@id\":\"https:\\\/\\\/aktialiiga.fi\\\/naiset\\\/kasipallon-naisten-sm-sarja-2019-20\\\/\",\"url\":\"https:\\\/\\\/aktialiiga.fi\\\/naiset\\\/kasipallon-naisten-sm-sarja-2019-20\\\/\",\"name\":\"K\u00e4sipallon naisten SM-sarja 2019-20 | K\u00e4sipallon naisten Aktialiiga\",\"isPartOf\":{\"@id\":\"https:\\\/\\\/aktialiiga.fi\\\/naiset\\\/#website\"},\"primaryImageOfPage\":{\"@id\":\"https:\\\/\\\/aktialiiga.fi\\\/naiset\\\/kasipallon-naisten-sm-sarja-2019-20\\\/#primaryimage\"},\"image\":{\"@id\":\"https:\\\/\\\/aktialiiga.fi\\\/naiset\\\/kasipallon-naisten-sm-sarja-2019-20\\\/#primaryimage\"},\"thumbnailUrl\":\"https:\\\/\\\/aktialiiga.fi\\\/naiset\\\/wp-content\\\/uploads\\\/sites\\\/6\\\/2011\\\/09\\\/naisten-sm-sarja.png\",\"datePublished\":\"2024-08-15T15:23:18+00:00\",\"dateModified\":\"2024-08-28T15:32:10+00:00\",\"description\":\"K\u00e4sipallon naisten SM-sarjan sivusto\",\"breadcrumb\":{\"@id\":\"https:\\\/\\\/aktialiiga.fi\\\/naiset\\\/kasipallon-naisten-sm-sarja-2019-20\\\/#breadcrumb\"},\"inLanguage\":\"fi\",\"potentialAction\":[{\"@type\":\"ReadAction\",\"target\":[\"https:\\\/\\\/aktialiiga.fi\\\/naiset\\\/kasipallon-naisten-sm-sarja-2019-20\\\/\"]}]},{\"@type\":\"ImageObject\",\"inLanguage\":\"fi\",\"@id\":\"https:\\\/\\\/aktialiiga.fi\\\/naiset\\\/kasipallon-naisten-sm-sarja-2019-20\\\/#primaryimage\",\"url\":\"https:\\\/\\\/aktialiiga.fi\\\/naiset\\\/wp-content\\\/uploads\\\/sites\\\/6\\\/2011\\\/09\\\/naisten-sm-sarja.png\",\"contentUrl\":\"https:\\\/\\\/aktialiiga.fi\\\/naiset\\\/wp-content\\\/uploads\\\/sites\\\/6\\\/2011\\\/09\\\/naisten-sm-sarja.png\",\"width\":591,\"height\":630,\"caption\":\"K\u00e4sipallon naisten SM-sarja\"},{\"@type\":\"BreadcrumbList\",\"@id\":\"https:\\\/\\\/aktialiiga.fi\\\/naiset\\\/kasipallon-naisten-sm-sarja-2019-20\\\/#breadcrumb\",\"itemListElement\":[{\"@type\":\"ListItem\",\"position\":1,\"name\":\"Etusivu\",\"item\":\"https:\\\/\\\/aktialiiga.fi\\\/naiset\\\/\"},{\"@type\":\"ListItem\",\"position\":2,\"name\":\"K\u00e4sipallon naisten SM-sarja 2019-20\"}]},{\"@type\":\"WebSite\",\"@id\":\"https:\\\/\\\/aktialiiga.fi\\\/naiset\\\/#website\",\"url\":\"https:\\\/\\\/aktialiiga.fi\\\/naiset\\\/\",\"name\":\"K\u00e4sipallon naisten Aktialiiga\",\"description\":\"Valtakunnan vauhdikkainta palloilua!\",\"publisher\":{\"@id\":\"https:\\\/\\\/aktialiiga.fi\\\/naiset\\\/#organization\"},\"potentialAction\":[{\"@type\":\"SearchAction\",\"target\":{\"@type\":\"EntryPoint\",\"urlTemplate\":\"https:\\\/\\\/aktialiiga.fi\\\/naiset\\\/?s={search_term_string}\"},\"query-input\":{\"@type\":\"PropertyValueSpecification\",\"valueRequired\":true,\"valueName\":\"search_term_string\"}}],\"inLanguage\":\"fi\"},{\"@type\":\"Organization\",\"@id\":\"https:\\\/\\\/aktialiiga.fi\\\/naiset\\\/#organization\",\"name\":\"K\u00e4sipallon naisten Aktialiiga\",\"url\":\"https:\\\/\\\/aktialiiga.fi\\\/naiset\\\/\",\"logo\":{\"@type\":\"ImageObject\",\"inLanguage\":\"fi\",\"@id\":\"https:\\\/\\\/aktialiiga.fi\\\/naiset\\\/#\\\/schema\\\/logo\\\/image\\\/\",\"url\":\"https:\\\/\\\/aktialiiga.fi\\\/naiset\\\/wp-content\\\/uploads\\\/sites\\\/6\\\/2024\\\/09\\\/Aktialiiga-Yoast-512.png\",\"contentUrl\":\"https:\\\/\\\/aktialiiga.fi\\\/naiset\\\/wp-content\\\/uploads\\\/sites\\\/6\\\/2024\\\/09\\\/Aktialiiga-Yoast-512.png\",\"width\":512,\"height\":512,\"caption\":\"K\u00e4sipallon naisten Aktialiiga\"},\"image\":{\"@id\":\"https:\\\/\\\/aktialiiga.fi\\\/naiset\\\/#\\\/schema\\\/logo\\\/image\\\/\"},\"sameAs\":[\"https:\\\/\\\/www.facebook.com\\\/finnhandball\",\"https:\\\/\\\/x.com\\\/finnhandball\",\"https:\\\/\\\/www.instagram.com\\\/handballfinland\\\/\"]}]}<\/script>\n<!-- \/ Yoast SEO plugin. -->","yoast_head_json":{"title":"K\u00e4sipallon naisten SM-sarja 2019-20 | K\u00e4sipallon naisten Aktialiiga","description":"K\u00e4sipallon naisten SM-sarjan sivusto","robots":{"index":"index","follow":"follow","max-snippet":"max-snippet:-1","max-image-preview":"max-image-preview:large","max-video-preview":"max-video-preview:-1"},"canonical":"https:\/\/aktialiiga.fi\/naiset\/kasipallon-naisten-sm-sarja-2019-20\/","og_locale":"fi_FI","og_type":"article","og_title":"K\u00e4sipallon naisten SM-sarja 2019-20 | K\u00e4sipallon naisten Aktialiiga","og_description":"K\u00e4sipallon naisten SM-sarjan sivusto","og_url":"https:\/\/aktialiiga.fi\/naiset\/kasipallon-naisten-sm-sarja-2019-20\/","og_site_name":"K\u00e4sipallon naisten Aktialiiga","article_publisher":"https:\/\/www.facebook.com\/finnhandball","article_modified_time":"2024-08-28T15:32:10+00:00","og_image":[{"url":"https:\/\/aktialiiga.fi\/naiset\/wp-content\/uploads\/sites\/6\/2016\/08\/KP55233.jpg","type":"","width":"","height":""}],"twitter_card":"summary_large_image","twitter_site":"@finnhandball","schema":{"@context":"https:\/\/schema.org","@graph":[{"@type":"WebPage","@id":"https:\/\/aktialiiga.fi\/naiset\/kasipallon-naisten-sm-sarja-2019-20\/","url":"https:\/\/aktialiiga.fi\/naiset\/kasipallon-naisten-sm-sarja-2019-20\/","name":"K\u00e4sipallon naisten SM-sarja 2019-20 | K\u00e4sipallon naisten Aktialiiga","isPartOf":{"@id":"https:\/\/aktialiiga.fi\/naiset\/#website"},"primaryImageOfPage":{"@id":"https:\/\/aktialiiga.fi\/naiset\/kasipallon-naisten-sm-sarja-2019-20\/#primaryimage"},"image":{"@id":"https:\/\/aktialiiga.fi\/naiset\/kasipallon-naisten-sm-sarja-2019-20\/#primaryimage"},"thumbnailUrl":"https:\/\/aktialiiga.fi\/naiset\/wp-content\/uploads\/sites\/6\/2011\/09\/naisten-sm-sarja.png","datePublished":"2024-08-15T15:23:18+00:00","dateModified":"2024-08-28T15:32:10+00:00","description":"K\u00e4sipallon naisten SM-sarjan sivusto","breadcrumb":{"@id":"https:\/\/aktialiiga.fi\/naiset\/kasipallon-naisten-sm-sarja-2019-20\/#breadcrumb"},"inLanguage":"fi","potentialAction":[{"@type":"ReadAction","target":["https:\/\/aktialiiga.fi\/naiset\/kasipallon-naisten-sm-sarja-2019-20\/"]}]},{"@type":"ImageObject","inLanguage":"fi","@id":"https:\/\/aktialiiga.fi\/naiset\/kasipallon-naisten-sm-sarja-2019-20\/#primaryimage","url":"https:\/\/aktialiiga.fi\/naiset\/wp-content\/uploads\/sites\/6\/2011\/09\/naisten-sm-sarja.png","contentUrl":"https:\/\/aktialiiga.fi\/naiset\/wp-content\/uploads\/sites\/6\/2011\/09\/naisten-sm-sarja.png","width":591,"height":630,"caption":"K\u00e4sipallon naisten SM-sarja"},{"@type":"BreadcrumbList","@id":"https:\/\/aktialiiga.fi\/naiset\/kasipallon-naisten-sm-sarja-2019-20\/#breadcrumb","itemListElement":[{"@type":"ListItem","position":1,"name":"Etusivu","item":"https:\/\/aktialiiga.fi\/naiset\/"},{"@type":"ListItem","position":2,"name":"K\u00e4sipallon naisten SM-sarja 2019-20"}]},{"@type":"WebSite","@id":"https:\/\/aktialiiga.fi\/naiset\/#website","url":"https:\/\/aktialiiga.fi\/naiset\/","name":"K\u00e4sipallon naisten Aktialiiga","description":"Valtakunnan vauhdikkainta palloilua!","publisher":{"@id":"https:\/\/aktialiiga.fi\/naiset\/#organization"},"potentialAction":[{"@type":"SearchAction","target":{"@type":"EntryPoint","urlTemplate":"https:\/\/aktialiiga.fi\/naiset\/?s={search_term_string}"},"query-input":{"@type":"PropertyValueSpecification","valueRequired":true,"valueName":"search_term_string"}}],"inLanguage":"fi"},{"@type":"Organization","@id":"https:\/\/aktialiiga.fi\/naiset\/#organization","name":"K\u00e4sipallon naisten Aktialiiga","url":"https:\/\/aktialiiga.fi\/naiset\/","logo":{"@type":"ImageObject","inLanguage":"fi","@id":"https:\/\/aktialiiga.fi\/naiset\/#\/schema\/logo\/image\/","url":"https:\/\/aktialiiga.fi\/naiset\/wp-content\/uploads\/sites\/6\/2024\/09\/Aktialiiga-Yoast-512.png","contentUrl":"https:\/\/aktialiiga.fi\/naiset\/wp-content\/uploads\/sites\/6\/2024\/09\/Aktialiiga-Yoast-512.png","width":512,"height":512,"caption":"K\u00e4sipallon naisten Aktialiiga"},"image":{"@id":"https:\/\/aktialiiga.fi\/naiset\/#\/schema\/logo\/image\/"},"sameAs":["https:\/\/www.facebook.com\/finnhandball","https:\/\/x.com\/finnhandball","https:\/\/www.instagram.com\/handballfinland\/"]}]}},"jetpack_sharing_enabled":true,"jetpack_shortlink":"https:\/\/wp.me\/PfYhm6-9PO","_links":{"self":[{"href":"https:\/\/aktialiiga.fi\/naiset\/wp-json\/wp\/v2\/pages\/37808","targetHints":{"allow":["GET"]}}],"collection":[{"href":"https:\/\/aktialiiga.fi\/naiset\/wp-json\/wp\/v2\/pages"}],"about":[{"href":"https:\/\/aktialiiga.fi\/naiset\/wp-json\/wp\/v2\/types\/page"}],"author":[{"embeddable":true,"href":"https:\/\/aktialiiga.fi\/naiset\/wp-json\/wp\/v2\/users\/13"}],"replies":[{"embeddable":true,"href":"https:\/\/aktialiiga.fi\/naiset\/wp-json\/wp\/v2\/comments?post=37808"}],"version-history":[{"count":1,"href":"https:\/\/aktialiiga.fi\/naiset\/wp-json\/wp\/v2\/pages\/37808\/revisions"}],"predecessor-version":[{"id":39943,"href":"https:\/\/aktialiiga.fi\/naiset\/wp-json\/wp\/v2\/pages\/37808\/revisions\/39943"}],"wp:featuredmedia":[{"embeddable":true,"href":"https:\/\/aktialiiga.fi\/naiset\/wp-json\/wp\/v2\/media\/681"}],"wp:attachment":[{"href":"https:\/\/aktialiiga.fi\/naiset\/wp-json\/wp\/v2\/media?parent=37808"}],"curies":[{"name":"wp","href":"https:\/\/api.w.org\/{rel}","templated":true}]}}